{"id":3600,"date":"2023-09-18T17:49:26","date_gmt":"2023-09-18T15:49:26","guid":{"rendered":"https:\/\/www.reachingapp.com\/contact\/"},"modified":"2024-11-07T16:20:02","modified_gmt":"2024-11-07T15:20:02","slug":"kontakta-oss","status":"publish","type":"page","link":"https:\/\/www.reachingapp.com\/sv\/kontakta-oss\/","title":{"rendered":"Kontakta oss"},"content":{"rendered":"<div class=\"gb-container gb-container-d1b8c1eb\">\n<div class=\"gb-container gb-container-ce8e64b1\">\n<div class=\"gb-container gb-container-d573cc48\">\n\n<h1 class=\"gb-headline gb-headline-e49d4f5b gb-headline-text\">Kontakta oss<\/h1>\n\n\n\n<p class=\"gb-headline gb-headline-ca13e529 gb-headline-text\">S\u00e5 h\u00e4r kan du n\u00e5 oss<\/p>\n\n\n<div class=\"gb-container gb-container-13a4f200\">\n<div class=\"gb-grid-wrapper gb-grid-wrapper-733dd1c5\">\n<div class=\"gb-grid-column gb-grid-column-1c1fdf07\"><div class=\"gb-container gb-container-1c1fdf07\">\n\n<h2 class=\"gb-headline gb-headline-b937b367 gb-headline-text\">Skapa en h\u00e4lsosam arbetsplats<\/h2>\n\n\n\n<p class=\"gb-headline gb-headline-657c513b gb-headline-text\">Intresserad av att veta mer om hur vi kan st\u00f6tta din arbetsplats? Fyll i formul\u00e4ret s\u00e5 \u00e5terkommer vi och svarar p\u00e5 dina fr\u00e5gor.<\/p>\n\n\n\n<a class=\"gb-button gb-button-8d2f3748 gb-button-text\" href=\"#contact-sales\">Kontakta oss<\/a>\n\n<\/div><\/div>\n\n<div class=\"gb-grid-column gb-grid-column-18baf084\"><div class=\"gb-container gb-container-18baf084\">\n\n<h2 class=\"gb-headline gb-headline-4aa67abc gb-headline-text\">Kontakta Support<\/h2>\n\n\n\n<p class=\"gb-headline gb-headline-26d97bc8 gb-headline-text\">Ibland beh\u00f6ver man lite hj\u00e4lp fr\u00e5n sina v\u00e4nner. Eller st\u00f6d fr\u00e5n ReachingApp support. Du kan vara lugn&#8230; vi finns h\u00e4r f\u00f6r dig.<\/p>\n\n\n\n<span class=\"gb-button gb-button-417538fe gb-button-text\"><strong>support@reachingapp.com<\/strong><\/span>\n\n<\/div><\/div>\n<\/div>\n<\/div>\n<\/div>\n<\/div>\n<\/div>\n\n<div class=\"gb-container gb-container-583b2f79\">\n<div class=\"gb-container gb-container-f851f727\">\n<div class=\"gb-container gb-container-ae5cf308\">\n\n<h1 class=\"gb-headline gb-headline-41a93689 gb-headline-text\">Kontakta oss<\/h1>\n\n\n\n<p class=\"gb-headline gb-headline-58cbaf30 gb-headline-text\">S\u00e5 h\u00e4r kan du n\u00e5 oss<\/p>\n\n\n<div class=\"gb-container gb-container-36e1dbe5\">\n<div class=\"gb-grid-wrapper gb-grid-wrapper-9b36989d\">\n<div class=\"gb-grid-column gb-grid-column-69858665\"><div class=\"gb-container gb-container-69858665\">\n\n<h2 class=\"gb-headline gb-headline-48873208 gb-headline-text\">Kontakta Support<\/h2>\n\n\n\n<p class=\"gb-headline gb-headline-2fa4e8ab gb-headline-text\">Ibland beh\u00f6ver man lite hj\u00e4lp fr\u00e5n sina v\u00e4nner. Eller st\u00f6d fr\u00e5n ReachingApp. Oroa dig inte\u2026 vi finns h\u00e4r f\u00f6r dig.<\/p>\n\n\n\n<span class=\"gb-button gb-button-7b5ddd2c gb-button-text\"><strong>support@reachingapp.com<\/strong><\/span>\n\n<\/div><\/div>\n\n<div class=\"gb-grid-column gb-grid-column-0700f007\"><div class=\"gb-container gb-container-0700f007\">\n\n<h2 class=\"gb-headline gb-headline-7d6c149a gb-headline-text\">Prata med v\u00e5r f\u00f6rs\u00e4ljning<\/h2>\n\n\n\n<p class=\"gb-headline gb-headline-9b5198cf gb-headline-text\">Intresserad av ReachingApp? Kontakta oss f\u00f6r att prata med v\u00e5rt s\u00e4ljteam.<\/p>\n\n\n\n<a class=\"gb-button gb-button-232dc759 gb-button-text\" href=\"#contact-sales\">Kontakta f\u00f6rs\u00e4ljning<\/a>\n\n<\/div><\/div>\n<\/div>\n<\/div>\n<\/div>\n<\/div>\n<\/div>\n\n<div class=\"gb-container gb-container-6be901dc\">\n<div class=\"gb-container gb-container-f83ca7bd\">\n<div class=\"gb-grid-wrapper gb-grid-wrapper-9dd25668\">\n<div class=\"gb-grid-column gb-grid-column-eeed2d63\"><div class=\"gb-container gb-container-eeed2d63\">\n\n<iframe src=\"https:\/\/www.google.com\/maps\/embed?pb=!1m18!1m12!1m3!1d2034.18700863235!2d18.03575297724664!3d59.346526109644024!2m3!1f0!2f0!3f0!3m2!1i1024!2i768!4f13.1!3m3!1m2!1s0x465f9d76c3982e47%3A0x55881407ed42745c!2sH%C3%A4lsingegatan%2045%2C%20113%2031%20Stockholm!5e0!3m2!1sen!2sse!4v1694946565141!5m2!1sen!2sse\" width=\"900\" height=\"400\" style=\"border:0;\" allowfullscreen=\"\" loading=\"lazy\" referrerpolicy=\"no-referrer-when-downgrade\"><\/iframe>\n\n<\/div><\/div>\n\n<div class=\"gb-grid-column gb-grid-column-66fba6f2\"><div class=\"gb-container gb-container-66fba6f2\">\n\n<h2 class=\"gb-headline gb-headline-8c41dbaa gb-headline-text\">Kontorsadress<\/h2>\n\n\n\n<p class=\"gb-headline gb-headline-615c33ec gb-headline-text\">Motionsplatsen AB<\/p>\n\n\n\n<p class=\"gb-headline gb-headline-dcb9a950 gb-headline-text\">H\u00e4lsingegatan 117 <\/p>\n\n\n\n<p class=\"gb-headline gb-headline-bd3819de gb-headline-text\">110 12 Stockholm <\/p>\n\n\n\n<p class=\"gb-headline gb-headline-b6981634 gb-headline-text\">Sweden +468400 25 944<\/p>\n\n<\/div><\/div>\n<\/div>\n<\/div>\n<\/div>\n\n<div class=\"gb-container gb-container-e37f2b9f\" id=\"contact-sales\">\n<div class=\"gb-container gb-container-2c53c29b\">\n\n<h2 class=\"gb-headline gb-headline-806e41dc gb-headline-text\">H\u00f6r av dig till oss<\/h2>\n\n\n\n<p class=\"gb-headline gb-headline-b23aaba3 gb-headline-text\">Vill du veta mer om hur vi kan bidra till en h\u00e4lsosammare arbetsplats? Fyll i formul\u00e4ret s\u00e5 \u00e5terkommer vi inom kort &#8211; eller ring oss direkt p\u00e5 +468400 25 944<\/p>\n\n\n<div class=\"gb-container gb-container-72cc5c97 .Contact-sales\">\n<script type=\"text\/javascript\">var gform;gform||(document.addEventListener(\"gform_main_scripts_loaded\",function(){gform.scriptsLoaded=!0}),window.addEventListener(\"DOMContentLoaded\",function(){gform.domLoaded=!0}),gform={domLoaded:!1,scriptsLoaded:!1,initializeOnLoaded:function(o){gform.domLoaded&&gform.scriptsLoaded?o():!gform.domLoaded&&gform.scriptsLoaded?window.addEventListener(\"DOMContentLoaded\",o):document.addEventListener(\"gform_main_scripts_loaded\",o)},hooks:{action:{},filter:{}},addAction:function(o,n,r,t){gform.addHook(\"action\",o,n,r,t)},addFilter:function(o,n,r,t){gform.addHook(\"filter\",o,n,r,t)},doAction:function(o){gform.doHook(\"action\",o,arguments)},applyFilters:function(o){return gform.doHook(\"filter\",o,arguments)},removeAction:function(o,n){gform.removeHook(\"action\",o,n)},removeFilter:function(o,n,r){gform.removeHook(\"filter\",o,n,r)},addHook:function(o,n,r,t,i){null==gform.hooks[o][n]&&(gform.hooks[o][n]=[]);var e=gform.hooks[o][n];null==i&&(i=n+\"_\"+e.length),gform.hooks[o][n].push({tag:i,callable:r,priority:t=null==t?10:t})},doHook:function(n,o,r){var t;if(r=Array.prototype.slice.call(r,1),null!=gform.hooks[n][o]&&((o=gform.hooks[n][o]).sort(function(o,n){return o.priority-n.priority}),o.forEach(function(o){\"function\"!=typeof(t=o.callable)&&(t=window[t]),\"action\"==n?t.apply(null,r):r[0]=t.apply(null,r)})),\"filter\"==n)return r[0]},removeHook:function(o,n,t,i){var r;null!=gform.hooks[o][n]&&(r=(r=gform.hooks[o][n]).filter(function(o,n,r){return!!(null!=i&&i!=o.tag||null!=t&&t!=o.priority)}),gform.hooks[o][n]=r)}});<\/script>\n                <div class='gf_browser_gecko gform_wrapper gravity-theme gform-theme--no-framework' data-form-theme='gravity-theme' data-form-index='0' id='gform_wrapper_6' >\n                        <div class='gform_heading'>\n                            <h2 class=\"gform_title\">Contact Form Sales Request Demo SE<\/h2>\n                            <p class='gform_description'><\/p>\n                        <\/div><form method='post' enctype='multipart\/form-data'  id='gform_6'  action='\/sv\/wp-json\/wp\/v2\/pages\/3600' data-formid='6' novalidate>\n                        <div class='gform-body gform_body'><div id='gform_fields_6' class='gform_fields top_label form_sublabel_above description_above validation_below'><div id=\"field_6_4\" class=\"gfield gfield--type-text gfield--input-type-text gfield--width-full gfield_contains_required field_sublabel_above gfield--no-description field_description_above field_validation_below gfield_visibility_visible\"  data-js-reload=\"field_6_4\" ><label class='gfield_label gform-field-label' for='input_6_4'>F\u00f6retagsnamn<span class=\"gfield_required\"><span class=\"gfield_required gfield_required_text\">(Obligatoriskt)<\/span><\/span><\/label><div class='ginput_container ginput_container_text'><input name='input_4' id='input_6_4' type='text' value='' class='large'     aria-required=\"true\" aria-invalid=\"false\"   \/> <\/div><\/div><fieldset id=\"field_6_1\" class=\"gfield gfield--type-name gfield--input-type-name gfield_contains_required field_sublabel_above gfield--no-description field_description_above field_validation_below gfield_visibility_visible\"  data-js-reload=\"field_6_1\" ><legend class='gfield_label gform-field-label gfield_label_before_complex' >Kontaktperson<span class=\"gfield_required\"><span class=\"gfield_required gfield_required_text\">(Obligatoriskt)<\/span><\/span><\/legend><div class='ginput_complex ginput_container ginput_container--name no_prefix has_first_name no_middle_name has_last_name no_suffix gf_name_has_2 ginput_container_name gform-grid-row' id='input_6_1'>\n                            \n                            <span id='input_6_1_3_container' class='name_first gform-grid-col gform-grid-col--size-auto' >\n                                                    <label for='input_6_1_3' class='gform-field-label gform-field-label--type-sub '>F\u00f6rnamn<\/label>\n                                                    <input type='text' name='input_1.3' id='input_6_1_3' value=''   aria-required='true'    autocomplete=\"given-name\" \/>\n                                                <\/span>\n                            \n                            <span id='input_6_1_6_container' class='name_last gform-grid-col gform-grid-col--size-auto' >\n                                                            <label for='input_6_1_6' class='gform-field-label gform-field-label--type-sub '>Efternamn<\/label>\n                                                            <input type='text' name='input_1.6' id='input_6_1_6' value=''   aria-required='true'    autocomplete=\"family-name\" \/>\n                                                        <\/span>\n                            \n                        <\/div><\/fieldset><div id=\"field_6_2\" class=\"gfield gfield--type-email gfield--input-type-email gfield_contains_required field_sublabel_above gfield--no-description field_description_above field_validation_below gfield_visibility_visible\"  data-js-reload=\"field_6_2\" ><label class='gfield_label gform-field-label' for='input_6_2'>Email<span class=\"gfield_required\"><span class=\"gfield_required gfield_required_text\">(Obligatoriskt)<\/span><\/span><\/label><div class='ginput_container ginput_container_email'>\n                            <input name='input_2' id='input_6_2' type='email' value='' class='large'    aria-required=\"true\" aria-invalid=\"false\"  \/>\n                        <\/div><\/div><div id=\"field_6_6\" class=\"gfield gfield--type-text gfield--input-type-text gfield--width-full field_sublabel_above gfield--no-description field_description_above field_validation_below gfield_visibility_visible\"  data-js-reload=\"field_6_6\" ><label class='gfield_label gform-field-label' for='input_6_6'>Telefon (frivilligt)<\/label><div class='ginput_container ginput_container_text'><input name='input_6' id='input_6_6' type='text' value='' class='large'      aria-invalid=\"false\"   \/> <\/div><\/div><div id=\"field_6_5\" class=\"gfield gfield--type-textarea gfield--input-type-textarea gfield--width-full field_sublabel_above gfield--no-description field_description_above field_validation_below gfield_visibility_visible\"  data-js-reload=\"field_6_5\" ><label class='gfield_label gform-field-label' for='input_6_5'>\u00d6vrigt\/fr\u00e5gor (frivilligt)<\/label><div class='ginput_container ginput_container_textarea'><textarea name='input_5' id='input_6_5' class='textarea small'      aria-invalid=\"false\"   rows='10' cols='50'><\/textarea><\/div><\/div><\/div><\/div>\n        <div class='gform_footer top_label'> <div class=\"gf-turnstile-container\"> <div id=\"cf-turnstile-gf-6\" class=\"cf-turnstile\" data-sitekey=\"0x4AAAAAABgicwij-l5lBXVT\" data-theme=\"light\" data-language=\"auto\" data-size=\"normal\" data-retry=\"auto\" data-retry-interval=\"1000\" data-action=\"gravity-form-6\" data-appearance=\"always\"><\/div> <script>document.addEventListener(\"DOMContentLoaded\", function() { setTimeout(function(){ var e=document.getElementById(\"cf-turnstile-gf-6\"); e&&!e.innerHTML.trim()&&(turnstile.remove(\"#cf-turnstile-gf-6\"), turnstile.render(\"#cf-turnstile-gf-6\", {sitekey:\"0x4AAAAAABgicwij-l5lBXVT\"})); }, 0); });<\/script> <br class=\"cf-turnstile-br cf-turnstile-br-gf-6\"> <style>#cf-turnstile-gf-6 { margin-left: -15px; }<\/style> <\/div> <style> .gf-turnstile-container { width: 100%; } .gform_footer.top_label { display: flex; flex-wrap: wrap; } <\/style> <script>document.addEventListener(\"DOMContentLoaded\", function() {document.addEventListener('gform\/post_render', function handlePostRender(event) {if (event.detail.formId !== 6) {return;}gform.utils.addAsyncFilter('gform\/submission\/pre_submission', async function handlePreSubmission(data) {document.addEventListener('gform\/post_render', function rerenderTurnstile(event) {if (event.detail.formId !== 6) {return;}const turnstileElement = document.getElementById('cf-turnstile-gf-6');if (turnstileElement) {turnstile.remove('#cf-turnstile-gf-6');turnstile.render('#cf-turnstile-gf-6');}document.removeEventListener('gform\/post_render', rerenderTurnstile);});gform.utils.removeFilter('gform\/submission\/pre_submission', handlePreSubmission);return data;});document.removeEventListener('gform\/post_render', handlePostRender);});});<\/script><input type='submit' id='gform_submit_button_6' class='gform_button button' value='Boka gratis demo'  onclick='if(window[\"gf_submitting_6\"]){return false;}  if( !jQuery(\"#gform_6\")[0].checkValidity || jQuery(\"#gform_6\")[0].checkValidity()){window[\"gf_submitting_6\"]=true;}  ' onkeypress='if( event.keyCode == 13 ){ if(window[\"gf_submitting_6\"]){return false;} if( !jQuery(\"#gform_6\")[0].checkValidity || jQuery(\"#gform_6\")[0].checkValidity()){window[\"gf_submitting_6\"]=true;}  jQuery(\"#gform_6\").trigger(\"submit\",[true]); }' \/> \n            <input type='hidden' class='gform_hidden' name='is_submit_6' value='1' \/>\n            <input type='hidden' class='gform_hidden' name='gform_submit' value='6' \/>\n            \n            <input type='hidden' class='gform_hidden' name='gform_unique_id' value='' \/>\n            <input type='hidden' class='gform_hidden' name='state_6' value='WyJbXSIsIjYwZmY2OGUyZmZiZTRhYjAyYTE2MGI0ODUzNmM1MDFkIl0=' \/>\n            <input type='hidden' class='gform_hidden' name='gform_target_page_number_6' id='gform_target_page_number_6' value='0' \/>\n            <input type='hidden' class='gform_hidden' name='gform_source_page_number_6' id='gform_source_page_number_6' value='1' \/>\n            <input type='hidden' name='gform_field_values' value='' \/>\n            \n        <\/div>\n                        <\/form>\n                        <\/div><script>\ngform.initializeOnLoaded( function() {gformInitSpinner( 6, 'https:\/\/www.reachingapp.com\/wp-content\/plugins\/gravityforms\/images\/spinner.svg', true );jQuery('#gform_ajax_frame_6').on('load',function(){var contents = jQuery(this).contents().find('*').html();var is_postback = contents.indexOf('GF_AJAX_POSTBACK') >= 0;if(!is_postback){return;}var form_content = jQuery(this).contents().find('#gform_wrapper_6');var is_confirmation = jQuery(this).contents().find('#gform_confirmation_wrapper_6').length > 0;var is_redirect = contents.indexOf('gformRedirect(){') >= 0;var is_form = form_content.length > 0 && ! is_redirect && ! is_confirmation;var mt = parseInt(jQuery('html').css('margin-top'), 10) + parseInt(jQuery('body').css('margin-top'), 10) + 100;if(is_form){jQuery('#gform_wrapper_6').html(form_content.html());if(form_content.hasClass('gform_validation_error')){jQuery('#gform_wrapper_6').addClass('gform_validation_error');} else {jQuery('#gform_wrapper_6').removeClass('gform_validation_error');}setTimeout( function() { \/* delay the scroll by 50 milliseconds to fix a bug in chrome *\/  }, 50 );if(window['gformInitDatepicker']) {gformInitDatepicker();}if(window['gformInitPriceFields']) {gformInitPriceFields();}var current_page = jQuery('#gform_source_page_number_6').val();gformInitSpinner( 6, 'https:\/\/www.reachingapp.com\/wp-content\/plugins\/gravityforms\/images\/spinner.svg', true );jQuery(document).trigger('gform_page_loaded', [6, current_page]);window['gf_submitting_6'] = false;}else if(!is_redirect){var confirmation_content = jQuery(this).contents().find('.GF_AJAX_POSTBACK').html();if(!confirmation_content){confirmation_content = contents;}jQuery('#gform_wrapper_6').replaceWith(confirmation_content);jQuery(document).trigger('gform_confirmation_loaded', [6]);window['gf_submitting_6'] = false;wp.a11y.speak(jQuery('#gform_confirmation_message_6').text());}else{jQuery('#gform_6').append(contents);if(window['gformRedirect']) {gformRedirect();}}jQuery(document).trigger(\"gform_pre_post_render\", [{ formId: \"6\", currentPage: \"current_page\", abort: function() { this.preventDefault(); } }]);                if (event && event.defaultPrevented) {                return;         }        const gformWrapperDiv = document.getElementById( \"gform_wrapper_6\" );        if ( gformWrapperDiv ) {            const visibilitySpan = document.createElement( \"span\" );            visibilitySpan.id = \"gform_visibility_test_6\";            gformWrapperDiv.insertAdjacentElement( \"afterend\", visibilitySpan );        }        const visibilityTestDiv = document.getElementById( \"gform_visibility_test_6\" );        let postRenderFired = false;                function triggerPostRender() {            if ( postRenderFired ) {                return;            }            postRenderFired = true;            jQuery( document ).trigger( 'gform_post_render', [6, current_page] );            gform.utils.trigger( { event: 'gform\/postRender', native: false, data: { formId: 6, currentPage: current_page } } );            if ( visibilityTestDiv ) {                visibilityTestDiv.parentNode.removeChild( visibilityTestDiv );            }        }        function debounce( func, wait, immediate ) {            var timeout;            return function() {                var context = this, args = arguments;                var later = function() {                    timeout = null;                    if ( !immediate ) func.apply( context, args );                };                var callNow = immediate && !timeout;                clearTimeout( timeout );                timeout = setTimeout( later, wait );                if ( callNow ) func.apply( context, args );            };        }        const debouncedTriggerPostRender = debounce( function() {            triggerPostRender();        }, 200 );        if ( visibilityTestDiv && visibilityTestDiv.offsetParent === null ) {            const observer = new MutationObserver( ( mutations ) => {                mutations.forEach( ( mutation ) => {                    if ( mutation.type === 'attributes' && visibilityTestDiv.offsetParent !== null ) {                        debouncedTriggerPostRender();                        observer.disconnect();                    }                });            });            observer.observe( document.body, {                attributes: true,                childList: false,                subtree: true,                attributeFilter: [ 'style', 'class' ],            });        } else {            triggerPostRender();        }    } );} );\n<\/script>\n\n\n<\/div>\n<\/div>\n<\/div>","protected":false},"excerpt":{"rendered":"<p>Kontakta oss S\u00e5 h\u00e4r kan du n\u00e5 oss Kontakta oss S\u00e5 h\u00e4r kan du n\u00e5 oss H\u00f6r av dig till oss Vill du veta mer om hur vi kan bidra till en h\u00e4lsosammare arbetsplats? Fyll i formul\u00e4ret s\u00e5 \u00e5terkommer vi inom kort &#8211; eller ring oss direkt p\u00e5 +468400 25 944<\/p>\n","protected":false},"author":2,"featured_media":0,"parent":0,"menu_order":0,"comment_status":"closed","ping_status":"closed","template":"","meta":{"_seopress_robots_primary_cat":"","_seopress_titles_title":"Kontakta oss | ReachingApp","_seopress_titles_desc":"Har du fr\u00e5gor? Kontakta oss s\u00e5 hj\u00e4lper vi dig.","_seopress_robots_index":""},"_links":{"self":[{"href":"https:\/\/www.reachingapp.com\/sv\/wp-json\/wp\/v2\/pages\/3600"}],"collection":[{"href":"https:\/\/www.reachingapp.com\/sv\/wp-json\/wp\/v2\/pages"}],"about":[{"href":"https:\/\/www.reachingapp.com\/sv\/wp-json\/wp\/v2\/types\/page"}],"author":[{"embeddable":true,"href":"https:\/\/www.reachingapp.com\/sv\/wp-json\/wp\/v2\/users\/2"}],"replies":[{"embeddable":true,"href":"https:\/\/www.reachingapp.com\/sv\/wp-json\/wp\/v2\/comments?post=3600"}],"version-history":[{"count":19,"href":"https:\/\/www.reachingapp.com\/sv\/wp-json\/wp\/v2\/pages\/3600\/revisions"}],"predecessor-version":[{"id":6948,"href":"https:\/\/www.reachingapp.com\/sv\/wp-json\/wp\/v2\/pages\/3600\/revisions\/6948"}],"wp:attachment":[{"href":"https:\/\/www.reachingapp.com\/sv\/wp-json\/wp\/v2\/media?parent=3600"}],"curies":[{"name":"wp","href":"https:\/\/api.w.org\/{rel}","templated":true}]}}