{"id":3598,"date":"2023-09-17T13:30:09","date_gmt":"2023-09-17T11:30:09","guid":{"rendered":"https:\/\/www.reachingapp.com\/our-journey\/"},"modified":"2023-11-03T10:44:05","modified_gmt":"2023-11-03T09:44:05","slug":"var-resa","status":"publish","type":"page","link":"https:\/\/www.reachingapp.com\/sv\/var-resa\/","title":{"rendered":"V\u00e5r Resa"},"content":{"rendered":"<div class=\"gb-container gb-container-aeae0367\">\n<div class=\"gb-container gb-container-be45966d\">\n\n<h1 class=\"gb-headline gb-headline-195a48ae gb-headline-text\">L\u00e5t oss inspirera dig<\/h1>\n\n<\/div>\n<\/div>\n\n<div class=\"gb-container gb-container-327fa4bf\">\n<div class=\"gb-container gb-container-0aad8e63\">\n\n<h1 class=\"gb-headline gb-headline-c99a1064 gb-headline-text\">L\u00e5t oss inspirera dig<\/h1>\n\n<\/div>\n<\/div>\n\n<div class=\"gb-container gb-container-5561cacc\">\n<div class=\"gb-container gb-container-58d33545\">\n\n<p class=\"gb-headline gb-headline-13af1c92 gb-headline-text\">Vi hj\u00e4lper medarbetare och team \u00f6ver hela v\u00e4rlden att \u00e5stadkomma positiva f\u00f6r\u00e4ndringar<\/p>\n\n<\/div>\n<\/div>\n\n<div class=\"gb-container gb-container-e15d604f\">\n<div class=\"gb-container gb-container-e3622ca0\">\n<div class=\"gb-grid-wrapper gb-grid-wrapper-57fe0f8c\">\n<div class=\"gb-grid-column gb-grid-column-fbb370fd\"><div class=\"gb-container gb-container-fbb370fd\">\n\n<h2 class=\"gb-headline gb-headline-6fc1017c gb-headline-text\">Inspirerande<\/h2>\n\n\n<div class=\"gb-container gb-container-2e78719c\">\n\n<p class=\"gb-headline gb-headline-8e3f3cbd gb-headline-text\">V\u00e5r plattform har inspirerat \u00f6ver 500 000 medarbetare till en h\u00e4lsosammare livsstil.<\/p>\n\n<\/div>\n<\/div><\/div>\n\n<div class=\"gb-grid-column gb-grid-column-06371b6e\"><div class=\"gb-container gb-container-06371b6e\">\n\n<h2 class=\"gb-headline gb-headline-e19e857e gb-headline-text\">Roligt f\u00f6r alla<\/h2>\n\n\n<div class=\"gb-container gb-container-fc2aaed5\">\n\n<p class=\"gb-headline gb-headline-2434b6af gb-headline-text\">En fantastisk medarbetarupplevelse, aktiv i 15 l\u00e4nder och fungerar f\u00f6r alla typer av medarbetare och organisationer.<\/p>\n\n<\/div>\n<\/div><\/div>\n\n<div class=\"gb-grid-column gb-grid-column-f4b87dea\"><div class=\"gb-container gb-container-f4b87dea\">\n\n<h2 class=\"gb-headline gb-headline-860f77e5 gb-headline-text\">100% problemfritt<\/h2>\n\n\n<div class=\"gb-container gb-container-1de68c48\">\n\n<p class=\"gb-headline gb-headline-a92bc0a5 gb-headline-text\">V\u00e5rt fokus p\u00e5 anv\u00e4ndarupplevelsen g\u00f6r att 9 av 10 rekommenderar ReachingApp till en v\u00e4n.<\/p>\n\n<\/div>\n<\/div><\/div>\n<\/div>\n<\/div>\n<\/div>\n\n<div class=\"gb-container gb-container-f9903170\">\n<div class=\"gb-container gb-container-05eb50d9\">\n<div class=\"gb-grid-wrapper gb-grid-wrapper-eb6448bb\">\n<div class=\"gb-grid-column gb-grid-column-60ab7047\"><div class=\"gb-container gb-container-60ab7047\">\n\n<h2 class=\"gb-headline gb-headline-e5f6d82e gb-headline-text\">Inspirerande<\/h2>\n\n\n<div class=\"gb-container gb-container-9b7efb4d\">\n\n<p class=\"gb-headline gb-headline-b5822721 gb-headline-text\">V\u00e5r plattform har inspirerat \u00f6ver 500 000 medarbetare till en h\u00e4lsosammare livsstil.<\/p>\n\n<\/div>\n<\/div><\/div>\n\n<div class=\"gb-grid-column gb-grid-column-8d749e49\"><div class=\"gb-container gb-container-8d749e49\">\n\n<h2 class=\"gb-headline gb-headline-ff1fc090 gb-headline-text\">Roligt f\u00f6r alla<\/h2>\n\n\n<div class=\"gb-container gb-container-9b97d985\">\n\n<p class=\"gb-headline gb-headline-62ae6d17 gb-headline-text\">En fantastisk medarbetarupplevelse, aktiv i 15 l\u00e4nder och fungerar f\u00f6r alla typer av medarbetare och organisationer.<\/p>\n\n<\/div>\n<\/div><\/div>\n\n<div class=\"gb-grid-column gb-grid-column-7724d47e\"><div class=\"gb-container gb-container-7724d47e\">\n\n<h2 class=\"gb-headline gb-headline-6bb96981 gb-headline-text\">100% problemfritt<\/h2>\n\n\n<div class=\"gb-container gb-container-6e3e76f2\">\n\n<p class=\"gb-headline gb-headline-292a7fd5 gb-headline-text\">V\u00e5rt fokus p\u00e5 anv\u00e4ndarupplevelsen g\u00f6r att 9 av 10 rekommenderar ReachingApp till en v\u00e4n.<\/p>\n\n<\/div>\n<\/div><\/div>\n<\/div>\n<\/div>\n<\/div>\n\n<div class=\"gb-container gb-container-ffde8d99\">\n<div class=\"gb-container gb-container-4bac6c7f\">\n<div class=\"gb-grid-wrapper gb-grid-wrapper-8c2bc9a8\">\n<div class=\"gb-grid-column gb-grid-column-e8309848\"><div class=\"gb-container gb-container-e8309848\">\n\n<h2 class=\"gb-headline gb-headline-1c12dfb5 gb-headline-text\"><strong>Ett decennium av h\u00e4lsosam f\u00f6r\u00e4ndring<\/strong><\/h2>\n\n\n\n<h3 class=\"gb-headline gb-headline-9c3e9115 gb-headline-text\">2013: Motionsplatsen.se l\u00e4gger grundstenen<\/h3>\n\n\n\n<p class=\"gb-headline gb-headline-4ac1f6d6 gb-headline-text\">Vi grundades i Stockholm 2013 och b\u00f6rjade som motionsplatsen.se, med fokus p\u00e5 att fr\u00e4mja fysiska aktiviteter som promenader och l\u00f6pning. Motionsplatsen startades eftersom vi s\u00e5g att det fanns ett ol\u00f6st problem p\u00e5 marknaden d\u00e4r vi k\u00e4nde att vi verkligen kunde g\u00f6ra en skillnad. Vi s\u00e5g att de flesta befintliga teambuilding-aktiviteter som genomf\u00f6rdes p\u00e5 f\u00f6retag b\u00e5de var kortsiktiga och ofta inneh\u00f6ll alkohol som en viktig komponent.<\/p>\n\n\n\n<p class=\"gb-headline gb-headline-1a8a1e9a gb-headline-text\">S\u00e5, med Motionsplatsen, ville vi introducera n\u00e5got nytt och friskt, ett h\u00e4lsofr\u00e4mjande alternativ. M\u00e5let var att inte bara att h\u00f6ja individens v\u00e4lbefinnande, utan p\u00e5 samma g\u00e5ng ocks\u00e5 att f\u00f6rst\u00e4rka teamk\u00e4nslan och skapa en b\u00e4ttre organisationskultur \u00f6ver tid.<\/p>\n\n\n\n<h3 class=\"gb-headline gb-headline-118e4b11 gb-headline-text\">2016: Staff in Motion och v\u00e5rt holistiska h\u00e4lsoperspektiv<\/h3>\n\n\n\n<p class=\"gb-headline gb-headline-1920cf7a gb-headline-text\">Under 2016 tog v\u00e5r omvandling en viktig ny v\u00e4ndning. Vi bytte namn till Staff in Motion och lade in en ny v\u00e4xel med den v\u00e4gledande principen: <em>\u201cH\u00e4lsa \u00e4r mer \u00e4n bara motion\u201d<\/em>. Denna f\u00f6r\u00e4ndring gjorde det m\u00f6jligt f\u00f6r oss att g\u00e5 l\u00e4ngre \u00e4n v\u00e5rt ursprungliga fokus p\u00e5 steg och fysiska aktiviteter. Vi antog nu ett holistiskt syns\u00e4tt och inf\u00f6rlivade i v\u00e5r tj\u00e4nst alla de delar som p\u00e5verkar h\u00e4lsan och trivseln i teamet och p\u00e5 arbetsplatsen.<\/p>\n\n\n\n<h3 class=\"gb-headline gb-headline-9ebd0995 gb-headline-text\"><strong>2023: ReachingApp \u2013 Inspirat\u00f6rer <\/strong>f\u00f6r<strong> h\u00e4lsa och samh\u00f6righet<\/strong><\/h3>\n\n\n\n<p class=\"gb-headline gb-headline-39ecb01b gb-headline-text\">\u00c5r 2023 har vi utvecklats till ReachingApp, med m\u00e5let att <strong>motivera<\/strong> och <strong>inspirera<\/strong> medarbetare runtom i v\u00e4rlden till b\u00e4ttre h\u00e4lsa och samtidigt skapa en starkare tillh\u00f6righet till kollegorna.<br><br>Med ReachingApp har vi lagt v\u00e5r sj\u00e4l i att:<br><br>&#8211; <strong>Inspirera<\/strong> varje individ till positiv h\u00e4lsof\u00f6r\u00e4ndring.<br>&#8211; Skapa en milj\u00f6 p\u00e5 din arbetsplats med <strong>gladare <\/strong>och<strong> mer energiska medarbetare<\/strong>.<br>&#8211; G\u00f6ra det <strong>enkelt<\/strong> att administrera och <strong>roligt f\u00f6r alla<\/strong> som deltar.<\/p>\n\n\n\n<p class=\"gb-headline gb-headline-3ebde10c gb-headline-text\"><br><br><\/p>\n\n<\/div><\/div>\n\n<div class=\"gb-grid-column gb-grid-column-87a5b0ee\"><div class=\"gb-container gb-container-87a5b0ee\">\n\n<figure class=\"gb-block-image gb-block-image-83014192\"><img decoding=\"async\" loading=\"lazy\" width=\"1116\" height=\"1078\" class=\"gb-image gb-image-83014192\" src=\"https:\/\/www.reachingapp.com\/wp-content\/uploads\/2023\/09\/celebrating-10-years.webp\" alt=\"\" title=\"celebrating-10-years\" srcset=\"https:\/\/www.reachingapp.com\/wp-content\/uploads\/2023\/09\/celebrating-10-years.webp 1116w, https:\/\/www.reachingapp.com\/wp-content\/uploads\/2023\/09\/celebrating-10-years-300x290.webp 300w, https:\/\/www.reachingapp.com\/wp-content\/uploads\/2023\/09\/celebrating-10-years-1024x989.webp 1024w, https:\/\/www.reachingapp.com\/wp-content\/uploads\/2023\/09\/celebrating-10-years-768x742.webp 768w\" sizes=\"(max-width: 1116px) 100vw, 1116px\" \/><\/figure>\n\n<\/div><\/div>\n<\/div>\n<\/div>\n<\/div>\n\n<div class=\"gb-container gb-container-fe9a1641\">\n<div class=\"gb-container gb-container-93172548\">\n<div class=\"gb-grid-wrapper gb-grid-wrapper-21b574c8\">\n<div class=\"gb-grid-column gb-grid-column-f642aa01\"><div class=\"gb-container gb-container-f642aa01\">\n\n<h2 class=\"gb-headline gb-headline-e9feadda gb-headline-text\">Vi firar \u00f6ver 10 \u00e5r av positiv p\u00e5verkan och goda resultat<\/h2>\n\n\n\n<p class=\"gb-headline gb-headline-8b2413d3 gb-headline-text\">Vi grundades i hj\u00e4rtat av Stockholm 2013 och b\u00f6rjade som Motionsplatsen med fokus p\u00e5 att fr\u00e4mja fysiska aktiviteter som promenader och l\u00f6pning. Motionsplatsen grundades f\u00f6r att ta itu med ett specifikt gap p\u00e5 marknaden. Vi m\u00e4rkte att de flesta befintliga teambuilding-aktiviteter var uppbyggda runt en specifik dag och ofta inneh\u00f6ll alkohol som en komponent.<\/p>\n\n\n\n<p class=\"gb-headline gb-headline-77d26663 gb-headline-text\">Vi p\u00e5 Motionsplatsen ville erbjuda n\u00e5got annorlunda, ett h\u00e4lsofr\u00e4mjande alternativ som skapades f\u00f6r att h\u00f6ja individens v\u00e4lbefinnande och samtidigt st\u00e4rka teamk\u00e4nslan och organisationskulturen p\u00e5 l\u00e5ng sikt.<\/p>\n\n\n\n<p class=\"gb-headline gb-headline-c75cea80 gb-headline-text\">Under 2016 tog v\u00e5r omvandling en viktig v\u00e4ndning. Vi bytte namn till Staff in Motion och lade in en ny v\u00e4xel med den v\u00e4gledande principen: \u201cH\u00e4lsa \u00e4r mer \u00e4n bara motion\u201d. Denna f\u00f6r\u00e4ndring gjorde det m\u00f6jligt f\u00f6r oss att g\u00e5 l\u00e4ngre \u00e4n v\u00e5rt ursprungliga fokus p\u00e5 steg och fysiska aktiviteter. Vi antog nu ett holistiskt syns\u00e4tt och inf\u00f6rlivade i v\u00e5r tj\u00e4nst alla de delar som p\u00e5verkar h\u00e4lsan och trivseln i teamet och p\u00e5 arbetsplatsen.<\/p>\n\n\n\n<p class=\"gb-headline gb-headline-a5936260 gb-headline-text\">\u00c5r 2023 har vi utvecklats till ReachingApp och finjusterar dagligen v\u00e5r tj\u00e4nst f\u00f6r att p\u00e5 b\u00e4sta s\u00e4tt motivera och inspirera medarbetare runtom i v\u00e4rlden till b\u00e4ttre h\u00e4lsa och samtidigt skapa en starkare tillh\u00f6righet till kollegorna.<\/p>\n\n<\/div><\/div>\n\n<div class=\"gb-grid-column gb-grid-column-91c2e8c4\"><div class=\"gb-container gb-container-91c2e8c4\">\n\n<figure class=\"gb-block-image gb-block-image-60186bc7\"><img decoding=\"async\" loading=\"lazy\" width=\"1116\" height=\"1078\" class=\"gb-image gb-image-60186bc7\" src=\"https:\/\/www.reachingapp.com\/wp-content\/uploads\/2023\/09\/celebrating-10-years.webp\" alt=\"\" title=\"celebrating-10-years\" srcset=\"https:\/\/www.reachingapp.com\/wp-content\/uploads\/2023\/09\/celebrating-10-years.webp 1116w, https:\/\/www.reachingapp.com\/wp-content\/uploads\/2023\/09\/celebrating-10-years-300x290.webp 300w, https:\/\/www.reachingapp.com\/wp-content\/uploads\/2023\/09\/celebrating-10-years-1024x989.webp 1024w, https:\/\/www.reachingapp.com\/wp-content\/uploads\/2023\/09\/celebrating-10-years-768x742.webp 768w\" sizes=\"(max-width: 1116px) 100vw, 1116px\" \/><\/figure>\n\n<\/div><\/div>\n<\/div>\n<\/div>\n<\/div>\n\n<div class=\"gb-container gb-container-b977d01d\">\n<div class=\"gb-container gb-container-5d86277b\">\n\n<h2 class=\"gb-headline gb-headline-86623bee gb-headline-text\">V\u00e5r globala r\u00e4ckvidd<\/h2>\n\n\n\n<p class=\"gb-headline gb-headline-49135426 gb-headline-text\">Vi hj\u00e4lper organisationer \u00f6ver hela v\u00e4rlden, fr\u00e5n sm\u00e5 team till stora organisationer med tusentals anst\u00e4llda, att inspirera sina medarbetare till b\u00e4ttre h\u00e4lsa. Vi \u00e4r globala, men v\u00e5rt uppdrag kvarst\u00e5r: att hj\u00e4lpa arbetsgivare att g\u00f6ra sina medarbetare mer energifyllda och h\u00e4lsosammare, en organisation i taget.<\/p>\n\n<\/div>\n<\/div>\n\n<div class=\"gb-container gb-container-4956c252\">\n<div class=\"gb-container gb-container-c6e91703\">\n<div class=\"gb-container gb-container-e76c5200\">\n\n<h2 class=\"gb-headline gb-headline-f3bdb557 gb-headline-text\">N\u00e5gra fantastiska f\u00f6retag som vi har arbetat med l\u00e4ngs v\u00e4gen:<\/h2>\n\n<\/div>\n\n<div class=\"gb-container gb-container-5f75ea29\">\n<div class=\"gb-grid-wrapper gb-grid-wrapper-8a680c67\">\n<div class=\"gb-grid-column gb-grid-column-c8d2930f\"><div class=\"gb-container gb-container-c8d2930f\">\n\n<figure class=\"gb-block-image gb-block-image-d4241e36\"><img decoding=\"async\" loading=\"lazy\" width=\"96\" height=\"96\" class=\"gb-image gb-image-d4241e36\" src=\"https:\/\/www.reachingapp.com\/wp-content\/uploads\/2023\/07\/logo-ea.png\" alt=\"\" title=\"logo-ea\"\/><\/figure>\n\n<\/div><\/div>\n\n<div class=\"gb-grid-column gb-grid-column-2779d8f9\"><div class=\"gb-container gb-container-2779d8f9\">\n\n<figure class=\"gb-block-image gb-block-image-72c648ea\"><img decoding=\"async\" loading=\"lazy\" width=\"170\" height=\"96\" class=\"gb-image gb-image-72c648ea\" src=\"https:\/\/www.reachingapp.com\/wp-content\/uploads\/2023\/07\/logo-siemens.png\" alt=\"\" title=\"logo-siemens\"\/><\/figure>\n\n<\/div><\/div>\n\n<div class=\"gb-grid-column gb-grid-column-8cda762c\"><div class=\"gb-container gb-container-8cda762c\">\n\n<figure class=\"gb-block-image gb-block-image-612fb590\"><img decoding=\"async\" loading=\"lazy\" width=\"197\" height=\"50\" class=\"gb-image gb-image-612fb590\" src=\"https:\/\/www.reachingapp.com\/wp-content\/uploads\/2023\/07\/logo-logitech.png\" alt=\"\" title=\"logo-logitech\"\/><\/figure>\n\n<\/div><\/div>\n\n<div class=\"gb-grid-column gb-grid-column-580db15c\"><div class=\"gb-container gb-container-580db15c\">\n\n<figure class=\"gb-block-image gb-block-image-a0abe3da\"><img decoding=\"async\" loading=\"lazy\" width=\"313\" height=\"28\" class=\"gb-image gb-image-a0abe3da\" src=\"https:\/\/www.reachingapp.com\/wp-content\/uploads\/2023\/07\/logo-hoist-group.png\" alt=\"\" title=\"logo-hoist-grupp\" srcset=\"https:\/\/www.reachingapp.com\/wp-content\/uploads\/2023\/07\/logo-hoist-group.png 313w, https:\/\/www.reachingapp.com\/wp-content\/uploads\/2023\/07\/logo-hoist-group-300x27.png 300w\" sizes=\"(max-width: 313px) 100vw, 313px\" \/><\/figure>\n\n<\/div><\/div>\n<\/div>\n<\/div>\n<\/div>\n<\/div>","protected":false},"excerpt":{"rendered":"<p>L\u00e5t oss inspirera dig L\u00e5t oss inspirera dig Vi hj\u00e4lper medarbetare och team \u00f6ver hela v\u00e4rlden att \u00e5stadkomma positiva f\u00f6r\u00e4ndringar V\u00e5r globala r\u00e4ckvidd Vi hj\u00e4lper organisationer \u00f6ver hela v\u00e4rlden, fr\u00e5n sm\u00e5 team till stora organisationer med tusentals anst\u00e4llda, att inspirera sina medarbetare till b\u00e4ttre h\u00e4lsa. Vi \u00e4r globala, men v\u00e5rt uppdrag kvarst\u00e5r: att hj\u00e4lpa arbetsgivare &#8230; <a title=\"V\u00e5r Resa\" class=\"read-more\" href=\"https:\/\/www.reachingapp.com\/sv\/var-resa\/\" aria-label=\"L\u00e4s mer om V\u00e5r Resa\">L\u00e4s mer<\/a><\/p>\n","protected":false},"author":2,"featured_media":0,"parent":0,"menu_order":0,"comment_status":"closed","ping_status":"closed","template":"","meta":{"_seopress_robots_primary_cat":"","_seopress_titles_title":"V\u00e5r resa - 10 \u00e5r av h\u00e4lsofr\u00e4mjande insatser | ReachingApp ","_seopress_titles_desc":"V\u00e5r h\u00e4lsotj\u00e4nst inspirerar varje individ till positiv f\u00f6r\u00e4ndring och skapar en milj\u00f6 p\u00e5 din arbetsplats med gladare och mer energiska medarbetare.","_seopress_robots_index":""},"_links":{"self":[{"href":"https:\/\/www.reachingapp.com\/sv\/wp-json\/wp\/v2\/pages\/3598"}],"collection":[{"href":"https:\/\/www.reachingapp.com\/sv\/wp-json\/wp\/v2\/pages"}],"about":[{"href":"https:\/\/www.reachingapp.com\/sv\/wp-json\/wp\/v2\/types\/page"}],"author":[{"embeddable":true,"href":"https:\/\/www.reachingapp.com\/sv\/wp-json\/wp\/v2\/users\/2"}],"replies":[{"embeddable":true,"href":"https:\/\/www.reachingapp.com\/sv\/wp-json\/wp\/v2\/comments?post=3598"}],"version-history":[{"count":15,"href":"https:\/\/www.reachingapp.com\/sv\/wp-json\/wp\/v2\/pages\/3598\/revisions"}],"predecessor-version":[{"id":4295,"href":"https:\/\/www.reachingapp.com\/sv\/wp-json\/wp\/v2\/pages\/3598\/revisions\/4295"}],"wp:attachment":[{"href":"https:\/\/www.reachingapp.com\/sv\/wp-json\/wp\/v2\/media?parent=3598"}],"curies":[{"name":"wp","href":"https:\/\/api.w.org\/{rel}","templated":true}]}}