{"id":3005,"date":"2023-08-26T14:46:12","date_gmt":"2023-08-26T12:46:12","guid":{"rendered":"https:\/\/www.reachingapp.com\/?page_id=3005"},"modified":"2024-05-13T10:53:38","modified_gmt":"2024-05-13T08:53:38","slug":"terms-of-use","status":"publish","type":"page","link":"https:\/\/www.reachingapp.com\/sv\/terms-of-use\/","title":{"rendered":"Terms of use"},"content":{"rendered":"\n<h1 class=\"gb-headline gb-headline-4e838fab gb-headline-text\"><strong>Sekretesspolicy<\/strong><\/h1>\n\n\n\n<p>V\u00e5r tj\u00e4nst anv\u00e4nds f\u00f6r att motivera och aktivera anv\u00e4ndare p\u00e5 ett h\u00e4lsosamt s\u00e4tt. Den information du delar med oss anv\u00e4nder v\u00e5rt system f\u00f6r att g\u00f6ra tj\u00e4nsten b\u00e4ttre och relevant f\u00f6r dig.<\/p>\n\n\n\n<h2 class=\"gb-headline gb-headline-b4566935 gb-headline-text\"><strong>Information som vi samlar in<\/strong><\/h2>\n\n\n\n<p>Genom att samla in information kan vi f\u00f6rb\u00e4ttra v\u00e5ra tj\u00e4nster f\u00f6r alla anv\u00e4ndare \u2013 fr\u00e5n grundl\u00e4ggande saker som hur tj\u00e4nsten \u00e4r designad och vad du som anv\u00e4ndare saknar till mer komplicerade processer som att bed\u00f6ma vilka h\u00e4lsosamma uppdrag i tj\u00e4nsten som kan intressera dig. Vi samlar in information p\u00e5 f\u00f6ljande s\u00e4tt:<\/p>\n\n\n\n<ul>\n<li>Information som du uppger. N\u00e4r du \u00f6ppnar ett konto ber vi dig om grundl\u00e4ggande personuppgifter som till exempel namn, e-postadress osv som vi lagrar tillsammans med kontot. Vi ber dig \u00e4ven svara p\u00e5 ett antal fr\u00e5gor kring hur du uppfattar din nuvarande status. Den data som tas in anv\u00e4nder systemet f\u00f6r att rekommendera r\u00e4tt typ och niv\u00e5 p\u00e5 de f\u00f6reslagna uppdrag som finns i systemet. P\u00e5 anv\u00e4ndarens eget initiativ kan bilder laddas upp p\u00e5 lagsidor, eller f\u00f6r att anv\u00e4ndas som profilbild.<\/li>\n\n\n\n<li>Information som vi f\u00e5r n\u00e4r du anv\u00e4nder v\u00e5ra tj\u00e4nster. Vi samlar in information om vilka uppdrag du v\u00e4ljer att anta och om uppdraget slutf\u00f6rs. P\u00e5 aggregerad niv\u00e5 analyseras detta s\u00e5 att mindre popul\u00e4ra uppdrag tas bort och popul\u00e4ra uppdrag f\u00f6rs fram.<\/li>\n<\/ul>\n\n\n\n<h2 class=\"gb-headline gb-headline-769f9b71 gb-headline-text\"><strong><strong>S\u00e4kerhets\u00e5tg\u00e4rder f\u00f6r era data<\/strong><\/strong><\/h2>\n\n\n\n<ul>\n<li><strong>Kryptering:<\/strong> Vi anv\u00e4nder kryptering f\u00f6r att s\u00e4kra era personliga och k\u00e4nsliga data b\u00e5de under \u00f6verf\u00f6ring och n\u00e4r de \u00e4r lagrade.<\/li>\n\n\n\n<li><strong>S\u00e4kerhetsrutiner:<\/strong> Vi uppr\u00e4tth\u00e5ller strikta s\u00e4kerhetsrutiner f\u00f6r att skydda konfidentialiteten i era data och f\u00f6rhindra obeh\u00f6rig \u00e5tkomst.<\/li>\n<\/ul>\n\n\n\n<h2 class=\"gb-headline gb-headline-c563a3ad gb-headline-text\"><strong>S\u00e5 h\u00e4r anv\u00e4nds informationen som vi samlar in<\/strong><\/h2>\n\n\n\n<p>Information som vi samlar in fr\u00e5n v\u00e5r tj\u00e4nst anv\u00e4nds f\u00f6r att tillhandah\u00e5lla, underh\u00e5lla, skydda och f\u00f6rb\u00e4ttra tj\u00e4nsterna, f\u00f6r att utveckla nya uppdrag i systemet och f\u00f6r att skydda samt supportera anv\u00e4ndare. Vi anv\u00e4nder ocks\u00e5 informationen f\u00f6r att ge dig anpassat inneh\u00e5ll som rekommenderade uppdrag som \u00e4r mer relevanta f\u00f6r dig, topplistor och liknande funktioner f\u00f6r att g\u00f6ra tj\u00e4nsten underh\u00e5llande f\u00f6r anv\u00e4ndare.<br>Ingen data som presenteras i det digitala administrationsgr\u00e4nssnittet som din organisations administrat\u00f6r har tillg\u00e5ng till kan h\u00e4rledas till enskilda individer.<\/p>\n\n\n\n<p>N\u00e4r du kontaktar oss som leverant\u00f6r sparar vi dina meddelanden i syfte att l\u00f6sa problem som du st\u00e5r inf\u00f6r.<br>E-postadressen du angett f\u00f6r ditt konto sparas f\u00f6r framtida att m\u00f6jligg\u00f6ra framtida utskick om kommande kampanjer och de senaste nyheterna. Du kan n\u00e4r du helst \u00f6nskar avregistrera dig fr\u00e5n dessa utskick.<\/p>\n\n\n\n<p>Om vi vill anv\u00e4nda information i ett annat syfte \u00e4n vad som beskrivs i denna sekretesspolicy fr\u00e5gar vi f\u00f6rst efter ditt samtycke.<\/p>\n\n\n\n<h2 class=\"gb-headline gb-headline-fbf67d9f gb-headline-text\"><strong>Information som vi delar<\/strong><\/h2>\n\n\n\n<p>Ingen data s\u00e4ljs vidare till tredje part.<\/p>\n\n\n\n<h2 class=\"gb-headline gb-headline-415e8dde gb-headline-text\"><strong>Dataskyddsf\u00f6rordningen<\/strong><\/h2>\n\n\n\n<p>Enligt dataskyddsf\u00f6rordningen m\u00e5ste alla som inh\u00e4mtar och lagrar personuppgifter via Internet inh\u00e4mta samtycke fr\u00e5n de personer som l\u00e4mnar uppgifterna. Med personuppgifter r\u00e4knas samtliga uppgifter som kan knytas till dig som person. Genom att du registrerar dig p\u00e5 v\u00e5r tj\u00e4nst samtycker du till att de uppgifter du matar in hanteras i enlighet med v\u00e5r policy.<\/p>\n","protected":false},"excerpt":{"rendered":"<p>Sekretesspolicy V\u00e5r tj\u00e4nst anv\u00e4nds f\u00f6r att motivera och aktivera anv\u00e4ndare p\u00e5 ett h\u00e4lsosamt s\u00e4tt. Den information du delar med oss anv\u00e4nder v\u00e5rt system f\u00f6r att g\u00f6ra tj\u00e4nsten b\u00e4ttre och relevant f\u00f6r dig. Information som vi samlar in Genom att samla in information kan vi f\u00f6rb\u00e4ttra v\u00e5ra tj\u00e4nster f\u00f6r alla anv\u00e4ndare \u2013 fr\u00e5n grundl\u00e4ggande saker som &#8230; <a title=\"Terms of use\" class=\"read-more\" href=\"https:\/\/www.reachingapp.com\/sv\/terms-of-use\/\" aria-label=\"L\u00e4s mer om Terms of use\">L\u00e4s mer<\/a><\/p>\n","protected":false},"author":1,"featured_media":0,"parent":0,"menu_order":0,"comment_status":"closed","ping_status":"closed","template":"","meta":{"_seopress_robots_primary_cat":"","_seopress_titles_title":"","_seopress_titles_desc":"","_seopress_robots_index":""},"_links":{"self":[{"href":"https:\/\/www.reachingapp.com\/sv\/wp-json\/wp\/v2\/pages\/3005"}],"collection":[{"href":"https:\/\/www.reachingapp.com\/sv\/wp-json\/wp\/v2\/pages"}],"about":[{"href":"https:\/\/www.reachingapp.com\/sv\/wp-json\/wp\/v2\/types\/page"}],"author":[{"embeddable":true,"href":"https:\/\/www.reachingapp.com\/sv\/wp-json\/wp\/v2\/users\/1"}],"replies":[{"embeddable":true,"href":"https:\/\/www.reachingapp.com\/sv\/wp-json\/wp\/v2\/comments?post=3005"}],"version-history":[{"count":3,"href":"https:\/\/www.reachingapp.com\/sv\/wp-json\/wp\/v2\/pages\/3005\/revisions"}],"predecessor-version":[{"id":5808,"href":"https:\/\/www.reachingapp.com\/sv\/wp-json\/wp\/v2\/pages\/3005\/revisions\/5808"}],"wp:attachment":[{"href":"https:\/\/www.reachingapp.com\/sv\/wp-json\/wp\/v2\/media?parent=3005"}],"curies":[{"name":"wp","href":"https:\/\/api.w.org\/{rel}","templated":true}]}}