{"id":2800,"date":"2023-08-18T17:19:16","date_gmt":"2023-08-18T15:19:16","guid":{"rendered":"https:\/\/www.reachingapp.com\/blog\/"},"modified":"2025-10-17T09:03:55","modified_gmt":"2025-10-17T07:03:55","slug":"blogg","status":"publish","type":"page","link":"https:\/\/www.reachingapp.com\/sv\/blogg\/","title":{"rendered":"Blogg"},"content":{"rendered":"<div class=\"gb-container gb-container-3354108c alignfull\">\n<div class=\"gb-container gb-container-74ca6d7e alignfull\">\n<div class=\"gb-container gb-container-745dd869\">\n\n<h1 class=\"gb-headline gb-headline-2854e75a gb-headline-text\"><strong>ReachingApp blogg<\/strong><\/h1>\n\n<\/div>\n<\/div>\n<\/div>\n\n<div class=\"gb-container gb-container-921a3cfd\">\n<div class=\"gb-container gb-container-8008288b\">\n\n<h3 class=\"gb-headline gb-headline-41558450 gb-headline-text\">Nytt verktyg: Omvandla aktivitet till steg<\/h3>\n\n\n\n<div class=\"gb-headline gb-headline-70a59b9f gb-headline-text\">Gratis kalkylator f\u00f6r att r\u00e4kna om alla typer av tr\u00e4ning till steg. <\/div>\n\n<\/div>\n\n<div class=\"gb-container gb-container-6656ca69\">\n\n<a class=\"gb-button gb-button-d13e29ec gb-button-text gbp-button--primary\" href=\"https:\/\/www.reachingapp.com\/sv\/omvandla-aktivitet-till-steg\/\">Prova kalkylatorn \u2192<\/a>\n\n<\/div>\n<\/div>\n\n<div class=\"gb-container gb-container-89e15b6b alignfull\">\n<div class=\"gb-container gb-container-84cd6722\">\n<div class=\"gb-container gb-container-bd98001e\">\n\n<div class=\"gb-grid-wrapper gb-grid-wrapper-b97a3e04 gb-query-loop-wrapper\">\n<div class=\"gb-grid-column gb-grid-column-00bc5b83 gb-query-loop-item post-4221 post type-post status-publish format-standard has-post-thumbnail hentry category-foretagskultur category-produktuppdateringar\"><div class=\"gb-container gb-container-00bc5b83\">\n<figure class=\"gb-block-image gb-block-image-f894d33f\"><a href=\"https:\/\/www.reachingapp.com\/sv\/halsoinspirator-tips\/\"><img width=\"1200\" height=\"675\" src=\"https:\/\/www.reachingapp.com\/wp-content\/uploads\/2023\/11\/creative-ideas.webp\" class=\"gb-image-f894d33f\" alt=\"\" decoding=\"async\" loading=\"lazy\" srcset=\"https:\/\/www.reachingapp.com\/wp-content\/uploads\/2023\/11\/creative-ideas.webp 1200w, https:\/\/www.reachingapp.com\/wp-content\/uploads\/2023\/11\/creative-ideas-300x169.webp 300w, https:\/\/www.reachingapp.com\/wp-content\/uploads\/2023\/11\/creative-ideas-1024x576.webp 1024w, https:\/\/www.reachingapp.com\/wp-content\/uploads\/2023\/11\/creative-ideas-768x432.webp 768w\" sizes=\"(max-width: 1200px) 100vw, 1200px\" \/><\/a><\/figure>\n\n<div class=\"gb-container gb-container-6eb21f10\">\n<div class=\"gb-container gb-container-970516ab\">\n<span class=\"gb-button gb-button-d2fcb91b gb-button-text post-term-item post-term-foretagskultur\">F\u00f6retagskultur<\/span><span class=\"gb-button gb-button-d2fcb91b gb-button-text post-term-item post-term-produktuppdateringar\">Produktuppdateringar<\/span>\n<\/div>\n\n<h2 class=\"gb-headline gb-headline-33164825 gb-headline-text\"><a href=\"https:\/\/www.reachingapp.com\/sv\/halsoinspirator-tips\/\">H\u00e4lsoinspirat\u00f6r tips &#8211; Skapa engagerande inneh\u00e5ll p\u00e5 din arbetsplats (del 1)<\/a><\/h2>\n\n<div class=\"gb-headline gb-headline-5b17e884 gb-headline-text\">\u00c4r du en h\u00e4lsoinspirat\u00f6r som letar nya innovativa s\u00e4tt att engagera dina kollegor i en h\u00e4lsosam livsstil? D\u00e5 kan ReachingApp &#8230;<\/div>\n\n<a class=\"gb-button gb-button-17662786 gb-button-text\" href=\"https:\/\/www.reachingapp.com\/sv\/halsoinspirator-tips\/\">L\u00c4S MER<\/a>\n<\/div>\n<\/div><\/div>\n\n<div class=\"gb-grid-column gb-grid-column-00bc5b83 gb-query-loop-item post-4528 post type-post status-publish format-standard has-post-thumbnail hentry category-branschinsikter category-kundnojdhet\"><div class=\"gb-container gb-container-00bc5b83\">\n<figure class=\"gb-block-image gb-block-image-f894d33f\"><a href=\"https:\/\/www.reachingapp.com\/sv\/capgemini-trainee-wellbeing-energi-teamwork\/\"><img width=\"1200\" height=\"675\" src=\"https:\/\/www.reachingapp.com\/wp-content\/uploads\/2023\/12\/cap-gemini-ignite-trainee-program.webp\" class=\"gb-image-f894d33f\" alt=\"Cap Gemeni Ignite\" decoding=\"async\" loading=\"lazy\" srcset=\"https:\/\/www.reachingapp.com\/wp-content\/uploads\/2023\/12\/cap-gemini-ignite-trainee-program.webp 1200w, https:\/\/www.reachingapp.com\/wp-content\/uploads\/2023\/12\/cap-gemini-ignite-trainee-program-300x169.webp 300w, https:\/\/www.reachingapp.com\/wp-content\/uploads\/2023\/12\/cap-gemini-ignite-trainee-program-1024x576.webp 1024w, https:\/\/www.reachingapp.com\/wp-content\/uploads\/2023\/12\/cap-gemini-ignite-trainee-program-768x432.webp 768w\" sizes=\"(max-width: 1200px) 100vw, 1200px\" \/><\/a><\/figure>\n\n<div class=\"gb-container gb-container-6eb21f10\">\n<div class=\"gb-container gb-container-970516ab\">\n<span class=\"gb-button gb-button-d2fcb91b gb-button-text post-term-item post-term-branschinsikter\">Branschinsikter<\/span><span class=\"gb-button gb-button-d2fcb91b gb-button-text post-term-item post-term-kundnojdhet\">Kundn\u00f6jdhet<\/span>\n<\/div>\n\n<h2 class=\"gb-headline gb-headline-33164825 gb-headline-text\"><a href=\"https:\/\/www.reachingapp.com\/sv\/capgemini-trainee-wellbeing-energi-teamwork\/\">S\u00e5 tillf\u00f6rde Capgemeni energi, h\u00e4lsa och teamwork till sitt traineeprogram<\/a><\/h2>\n\n<div class=\"gb-headline gb-headline-5b17e884 gb-headline-text\">Att energiniv\u00e5 och teamwork \u00e4r viktigt vet vi alla men mycket f\u00e5 inkorporerar en wellbeing-kampanj som en naturlig del i &#8230;<\/div>\n\n<a class=\"gb-button gb-button-17662786 gb-button-text\" href=\"https:\/\/www.reachingapp.com\/sv\/capgemini-trainee-wellbeing-energi-teamwork\/\">L\u00c4S MER<\/a>\n<\/div>\n<\/div><\/div>\n\n<div class=\"gb-grid-column gb-grid-column-00bc5b83 gb-query-loop-item post-4034 post type-post status-publish format-standard has-post-thumbnail hentry category-foretagskultur category-motivation category-teambuilding\"><div class=\"gb-container gb-container-00bc5b83\">\n<figure class=\"gb-block-image gb-block-image-f894d33f\"><a href=\"https:\/\/www.reachingapp.com\/sv\/gratis-stegtavling\/\"><img width=\"1200\" height=\"675\" src=\"https:\/\/www.reachingapp.com\/wp-content\/uploads\/2023\/10\/adminstration-stegtavling.webp\" class=\"gb-image-f894d33f\" alt=\"Gratis stegt\u00e4vling - \u00e4r den verkligen gratis?\" decoding=\"async\" loading=\"lazy\" srcset=\"https:\/\/www.reachingapp.com\/wp-content\/uploads\/2023\/10\/adminstration-stegtavling.webp 1200w, https:\/\/www.reachingapp.com\/wp-content\/uploads\/2023\/10\/adminstration-stegtavling-300x169.webp 300w, https:\/\/www.reachingapp.com\/wp-content\/uploads\/2023\/10\/adminstration-stegtavling-1024x576.webp 1024w, https:\/\/www.reachingapp.com\/wp-content\/uploads\/2023\/10\/adminstration-stegtavling-768x432.webp 768w\" sizes=\"(max-width: 1200px) 100vw, 1200px\" \/><\/a><\/figure>\n\n<div class=\"gb-container gb-container-6eb21f10\">\n<div class=\"gb-container gb-container-970516ab\">\n<span class=\"gb-button gb-button-d2fcb91b gb-button-text post-term-item post-term-foretagskultur\">F\u00f6retagskultur<\/span><span class=\"gb-button gb-button-d2fcb91b gb-button-text post-term-item post-term-motivation\">Motivation<\/span><span class=\"gb-button gb-button-d2fcb91b gb-button-text post-term-item post-term-teambuilding\">Teambuilding<\/span>\n<\/div>\n\n<h2 class=\"gb-headline gb-headline-33164825 gb-headline-text\"><a href=\"https:\/\/www.reachingapp.com\/sv\/gratis-stegtavling\/\">Gratis stegt\u00e4vling \u2013 \u00e4r den verkligen gratis?<\/a><\/h2>\n\n<div class=\"gb-headline gb-headline-5b17e884 gb-headline-text\">Ser du dina anst\u00e4llda sitta fastklistrade vid sina skrivbord dag ut och dag in? Det \u00e4r dags att f\u00e5 dem &#8230;<\/div>\n\n<a class=\"gb-button gb-button-17662786 gb-button-text\" href=\"https:\/\/www.reachingapp.com\/sv\/gratis-stegtavling\/\">L\u00c4S MER<\/a>\n<\/div>\n<\/div><\/div>\n\n<div class=\"gb-grid-column gb-grid-column-00bc5b83 gb-query-loop-item post-6571 post type-post status-publish format-standard has-post-thumbnail hentry category-mental-wellbeing-sv category-work-life-balance-sv\"><div class=\"gb-container gb-container-00bc5b83\">\n<figure class=\"gb-block-image gb-block-image-f894d33f\"><a href=\"https:\/\/www.reachingapp.com\/sv\/prioritera-mental-halsa-pa-arbetsplatsen\/\"><img width=\"1600\" height=\"900\" src=\"https:\/\/www.reachingapp.com\/wp-content\/uploads\/2024\/10\/world-mental-health-day-2-1.jpg\" class=\"gb-image-f894d33f\" alt=\"\" decoding=\"async\" loading=\"lazy\" srcset=\"https:\/\/www.reachingapp.com\/wp-content\/uploads\/2024\/10\/world-mental-health-day-2-1.jpg 1600w, https:\/\/www.reachingapp.com\/wp-content\/uploads\/2024\/10\/world-mental-health-day-2-1-300x169.jpg 300w, https:\/\/www.reachingapp.com\/wp-content\/uploads\/2024\/10\/world-mental-health-day-2-1-1024x576.jpg 1024w, https:\/\/www.reachingapp.com\/wp-content\/uploads\/2024\/10\/world-mental-health-day-2-1-768x432.jpg 768w, https:\/\/www.reachingapp.com\/wp-content\/uploads\/2024\/10\/world-mental-health-day-2-1-1536x864.jpg 1536w\" sizes=\"(max-width: 1600px) 100vw, 1600px\" \/><\/a><\/figure>\n\n<div class=\"gb-container gb-container-6eb21f10\">\n<div class=\"gb-container gb-container-970516ab\">\n<span class=\"gb-button gb-button-d2fcb91b gb-button-text post-term-item post-term-mental-wellbeing-sv\">Mental Wellbeing<\/span><span class=\"gb-button gb-button-d2fcb91b gb-button-text post-term-item post-term-work-life-balance-sv\">Work-Life Balance<\/span>\n<\/div>\n\n<h2 class=\"gb-headline gb-headline-33164825 gb-headline-text\"><a href=\"https:\/\/www.reachingapp.com\/sv\/prioritera-mental-halsa-pa-arbetsplatsen\/\">Det \u00e4r dags att prioritera mental h\u00e4lsa p\u00e5 arbetsplatsen<\/a><\/h2>\n\n<div class=\"gb-headline gb-headline-5b17e884 gb-headline-text\">N\u00e4r vi firar V\u00e4rldsdagen f\u00f6r mental h\u00e4lsa den 10 oktober 2024 p\u00e5minns vi om vikten av mental h\u00e4lsa p\u00e5 arbetsplatsen. &#8230;<\/div>\n\n<a class=\"gb-button gb-button-17662786 gb-button-text\" href=\"https:\/\/www.reachingapp.com\/sv\/prioritera-mental-halsa-pa-arbetsplatsen\/\">L\u00c4S MER<\/a>\n<\/div>\n<\/div><\/div>\n\n<div class=\"gb-grid-column gb-grid-column-00bc5b83 gb-query-loop-item post-4661 post type-post status-publish format-standard has-post-thumbnail hentry category-motivation category-teambuilding\"><div class=\"gb-container gb-container-00bc5b83\">\n<figure class=\"gb-block-image gb-block-image-f894d33f\"><a href=\"https:\/\/www.reachingapp.com\/sv\/tips-for-att-bibehalla-motivationen-och-uppna-dina-halsomal\/\"><img width=\"1200\" height=\"675\" src=\"https:\/\/www.reachingapp.com\/wp-content\/uploads\/2024\/01\/reach-goal.webp\" class=\"gb-image-f894d33f\" alt=\"\" decoding=\"async\" loading=\"lazy\" srcset=\"https:\/\/www.reachingapp.com\/wp-content\/uploads\/2024\/01\/reach-goal.webp 1200w, https:\/\/www.reachingapp.com\/wp-content\/uploads\/2024\/01\/reach-goal-300x169.webp 300w, https:\/\/www.reachingapp.com\/wp-content\/uploads\/2024\/01\/reach-goal-1024x576.webp 1024w, https:\/\/www.reachingapp.com\/wp-content\/uploads\/2024\/01\/reach-goal-768x432.webp 768w\" sizes=\"(max-width: 1200px) 100vw, 1200px\" \/><\/a><\/figure>\n\n<div class=\"gb-container gb-container-6eb21f10\">\n<div class=\"gb-container gb-container-970516ab\">\n<span class=\"gb-button gb-button-d2fcb91b gb-button-text post-term-item post-term-motivation\">Motivation<\/span><span class=\"gb-button gb-button-d2fcb91b gb-button-text post-term-item post-term-teambuilding\">Teambuilding<\/span>\n<\/div>\n\n<h2 class=\"gb-headline gb-headline-33164825 gb-headline-text\"><a href=\"https:\/\/www.reachingapp.com\/sv\/tips-for-att-bibehalla-motivationen-och-uppna-dina-halsomal\/\">Tips f\u00f6r att bibeh\u00e5lla motivationen och uppn\u00e5 dina h\u00e4lsom\u00e5l\u00a0<\/a><\/h2>\n\n<div class=\"gb-headline gb-headline-5b17e884 gb-headline-text\">N\u00e4r vi dansat julen&nbsp;ut&nbsp;och v\u00e4lkomnar det nya \u00e5ret, brottas m\u00e5nga av oss med samma fr\u00e5ga: &#8221;Hur kommer jag ig\u00e5ng med &#8230;<\/div>\n\n<a class=\"gb-button gb-button-17662786 gb-button-text\" href=\"https:\/\/www.reachingapp.com\/sv\/tips-for-att-bibehalla-motivationen-och-uppna-dina-halsomal\/\">L\u00c4S MER<\/a>\n<\/div>\n<\/div><\/div>\n\n<div class=\"gb-grid-column gb-grid-column-00bc5b83 gb-query-loop-item post-4365 post type-post status-publish format-standard has-post-thumbnail hentry category-branschinsikter category-foretagskultur\"><div class=\"gb-container gb-container-00bc5b83\">\n<figure class=\"gb-block-image gb-block-image-f894d33f\"><a href=\"https:\/\/www.reachingapp.com\/sv\/frisk-arbetsplats\/\"><img width=\"1200\" height=\"675\" src=\"https:\/\/www.reachingapp.com\/wp-content\/uploads\/2023\/11\/celebration.webp\" class=\"gb-image-f894d33f\" alt=\"\" decoding=\"async\" loading=\"lazy\" srcset=\"https:\/\/www.reachingapp.com\/wp-content\/uploads\/2023\/11\/celebration.webp 1200w, https:\/\/www.reachingapp.com\/wp-content\/uploads\/2023\/11\/celebration-300x169.webp 300w, https:\/\/www.reachingapp.com\/wp-content\/uploads\/2023\/11\/celebration-1024x576.webp 1024w, https:\/\/www.reachingapp.com\/wp-content\/uploads\/2023\/11\/celebration-768x432.webp 768w\" sizes=\"(max-width: 1200px) 100vw, 1200px\" \/><\/a><\/figure>\n\n<div class=\"gb-container gb-container-6eb21f10\">\n<div class=\"gb-container gb-container-970516ab\">\n<span class=\"gb-button gb-button-d2fcb91b gb-button-text post-term-item post-term-branschinsikter\">Branschinsikter<\/span><span class=\"gb-button gb-button-d2fcb91b gb-button-text post-term-item post-term-foretagskultur\">F\u00f6retagskultur<\/span>\n<\/div>\n\n<h2 class=\"gb-headline gb-headline-33164825 gb-headline-text\"><a href=\"https:\/\/www.reachingapp.com\/sv\/frisk-arbetsplats\/\">S\u00e5 skapade v\u00e5ra kunder en frisk arbetsplats med egna utmaningar (del 2)<\/a><\/h2>\n\n<div class=\"gb-headline gb-headline-5b17e884 gb-headline-text\">I den f\u00f6rsta delen av v\u00e5r serie, H\u00e4lsoinspirat\u00f6r tips &#8211; Skapa unikt inneh\u00e5ll p\u00e5 din arbetsplats, fick du en \u00f6verblick &#8230;<\/div>\n\n<a class=\"gb-button gb-button-17662786 gb-button-text\" href=\"https:\/\/www.reachingapp.com\/sv\/frisk-arbetsplats\/\">L\u00c4S MER<\/a>\n<\/div>\n<\/div><\/div>\n\n<div class=\"gb-grid-column gb-grid-column-00bc5b83 gb-query-loop-item post-3942 post type-post status-publish format-standard has-post-thumbnail hentry category-fysiskhalsa category-produktuppdateringar tag-pausgympa tag-pausovningar tag-pausovningar-vid-datorn\"><div class=\"gb-container gb-container-00bc5b83\">\n<figure class=\"gb-block-image gb-block-image-f894d33f\"><a href=\"https:\/\/www.reachingapp.com\/sv\/pausovningar-pa-jobbet\/\"><img width=\"1200\" height=\"675\" src=\"https:\/\/www.reachingapp.com\/wp-content\/uploads\/2023\/09\/stretch-office-pack.webp\" class=\"gb-image-f894d33f\" alt=\"\" decoding=\"async\" loading=\"lazy\" srcset=\"https:\/\/www.reachingapp.com\/wp-content\/uploads\/2023\/09\/stretch-office-pack.webp 1200w, https:\/\/www.reachingapp.com\/wp-content\/uploads\/2023\/09\/stretch-office-pack-300x169.webp 300w, https:\/\/www.reachingapp.com\/wp-content\/uploads\/2023\/09\/stretch-office-pack-1024x576.webp 1024w, https:\/\/www.reachingapp.com\/wp-content\/uploads\/2023\/09\/stretch-office-pack-768x432.webp 768w\" sizes=\"(max-width: 1200px) 100vw, 1200px\" \/><\/a><\/figure>\n\n<div class=\"gb-container gb-container-6eb21f10\">\n<div class=\"gb-container gb-container-970516ab\">\n<span class=\"gb-button gb-button-d2fcb91b gb-button-text post-term-item post-term-fysiskhalsa\">Fysisk h\u00e4lsa<\/span><span class=\"gb-button gb-button-d2fcb91b gb-button-text post-term-item post-term-produktuppdateringar\">Produktuppdateringar<\/span>\n<\/div>\n\n<h2 class=\"gb-headline gb-headline-33164825 gb-headline-text\"><a href=\"https:\/\/www.reachingapp.com\/sv\/pausovningar-pa-jobbet\/\">Paus\u00f6vningar p\u00e5 jobbet : Nu lanserar vi office pack<\/a><\/h2>\n\n<div class=\"gb-headline gb-headline-5b17e884 gb-headline-text\">ReachingApps senaste tillskott: Office Pack, \u00e4r ytterligare en dimension i v\u00e5ra h\u00e4lsokoampanjer \u2013 nu f\u00e5r du po\u00e4ng n\u00e4r du utf\u00f6r &#8230;<\/div>\n\n<a class=\"gb-button gb-button-17662786 gb-button-text\" href=\"https:\/\/www.reachingapp.com\/sv\/pausovningar-pa-jobbet\/\">L\u00c4S MER<\/a>\n<\/div>\n<\/div><\/div>\n\n<div class=\"gb-grid-column gb-grid-column-00bc5b83 gb-query-loop-item post-3080 post type-post status-publish format-standard has-post-thumbnail hentry category-foretagskultur\"><div class=\"gb-container gb-container-00bc5b83\">\n<figure class=\"gb-block-image gb-block-image-f894d33f\"><a href=\"https:\/\/www.reachingapp.com\/sv\/hur-okar-man-engagemang-for-vardeord-i-organisationer\/\"><img width=\"1200\" height=\"675\" src=\"https:\/\/www.reachingapp.com\/wp-content\/uploads\/2023\/09\/csr-engagement.webp\" class=\"gb-image-f894d33f\" alt=\"CSR V\u00e4rdeord\" decoding=\"async\" loading=\"lazy\" srcset=\"https:\/\/www.reachingapp.com\/wp-content\/uploads\/2023\/09\/csr-engagement.webp 1200w, https:\/\/www.reachingapp.com\/wp-content\/uploads\/2023\/09\/csr-engagement-300x169.webp 300w, https:\/\/www.reachingapp.com\/wp-content\/uploads\/2023\/09\/csr-engagement-1024x576.webp 1024w, https:\/\/www.reachingapp.com\/wp-content\/uploads\/2023\/09\/csr-engagement-768x432.webp 768w\" sizes=\"(max-width: 1200px) 100vw, 1200px\" \/><\/a><\/figure>\n\n<div class=\"gb-container gb-container-6eb21f10\">\n<div class=\"gb-container gb-container-970516ab\">\n<span class=\"gb-button gb-button-d2fcb91b gb-button-text post-term-item post-term-foretagskultur\">F\u00f6retagskultur<\/span>\n<\/div>\n\n<h2 class=\"gb-headline gb-headline-33164825 gb-headline-text\"><a href=\"https:\/\/www.reachingapp.com\/sv\/hur-okar-man-engagemang-for-vardeord-i-organisationer\/\">Hur skapar man engagemang f\u00f6r sin organisations v\u00e4rdeord?<\/a><\/h2>\n\n<div class=\"gb-headline gb-headline-5b17e884 gb-headline-text\">V\u00e4rdeord \u00e4r viktiga f\u00f6r att bygga en gemensam och vinnande kultur men l\u00e5t oss vara \u00e4rliga, i de flesta organisationer &#8230;<\/div>\n\n<a class=\"gb-button gb-button-17662786 gb-button-text\" href=\"https:\/\/www.reachingapp.com\/sv\/hur-okar-man-engagemang-for-vardeord-i-organisationer\/\">L\u00c4S MER<\/a>\n<\/div>\n<\/div><\/div>\n\n<div class=\"gb-grid-column gb-grid-column-00bc5b83 gb-query-loop-item post-3029 post type-post status-publish format-standard has-post-thumbnail hentry category-csrinitiativ\"><div class=\"gb-container gb-container-00bc5b83\">\n<figure class=\"gb-block-image gb-block-image-f894d33f\"><a href=\"https:\/\/www.reachingapp.com\/sv\/ett-enkelt-satt-att-skapa-forstaelse-for-halsa-och-ert-csr-arbete\/\"><img width=\"1200\" height=\"675\" src=\"https:\/\/www.reachingapp.com\/wp-content\/uploads\/2023\/08\/teambuilding-with-csr.webp\" class=\"gb-image-f894d33f\" alt=\"\" decoding=\"async\" loading=\"lazy\" srcset=\"https:\/\/www.reachingapp.com\/wp-content\/uploads\/2023\/08\/teambuilding-with-csr.webp 1200w, https:\/\/www.reachingapp.com\/wp-content\/uploads\/2023\/08\/teambuilding-with-csr-300x169.webp 300w, https:\/\/www.reachingapp.com\/wp-content\/uploads\/2023\/08\/teambuilding-with-csr-1024x576.webp 1024w, https:\/\/www.reachingapp.com\/wp-content\/uploads\/2023\/08\/teambuilding-with-csr-768x432.webp 768w\" sizes=\"(max-width: 1200px) 100vw, 1200px\" \/><\/a><\/figure>\n\n<div class=\"gb-container gb-container-6eb21f10\">\n<div class=\"gb-container gb-container-970516ab\">\n<span class=\"gb-button gb-button-d2fcb91b gb-button-text post-term-item post-term-csrinitiativ\">CSR-Initiativ<\/span>\n<\/div>\n\n<h2 class=\"gb-headline gb-headline-33164825 gb-headline-text\"><a href=\"https:\/\/www.reachingapp.com\/sv\/ett-enkelt-satt-att-skapa-forstaelse-for-halsa-och-ert-csr-arbete\/\">Ett enkelt s\u00e4tt att skapa f\u00f6rst\u00e5else f\u00f6r h\u00e4lsa och ert CSR arbete<\/a><\/h2>\n\n<div class=\"gb-headline gb-headline-5b17e884 gb-headline-text\">En av v\u00e5ra st\u00f6rsta energibolag anv\u00e4nder ReachingApp som plattform f\u00f6r att skapa engagemang f\u00f6r h\u00e4lsa men ocks\u00e5 f\u00f6r att tydligg\u00f6ra &#8230;<\/div>\n\n<a class=\"gb-button gb-button-17662786 gb-button-text\" href=\"https:\/\/www.reachingapp.com\/sv\/ett-enkelt-satt-att-skapa-forstaelse-for-halsa-och-ert-csr-arbete\/\">L\u00c4S MER<\/a>\n<\/div>\n<\/div><\/div>\n\n<div class=\"gb-grid-column gb-grid-column-00bc5b83 gb-query-loop-item post-3016 post type-post status-publish format-standard has-post-thumbnail hentry category-fysiskhalsa category-motivation\"><div class=\"gb-container gb-container-00bc5b83\">\n<figure class=\"gb-block-image gb-block-image-f894d33f\"><a href=\"https:\/\/www.reachingapp.com\/sv\/5-tips-pa-hur-du-haller-liv-i-traningen\/\"><img width=\"1200\" height=\"675\" src=\"https:\/\/www.reachingapp.com\/wp-content\/uploads\/2023\/08\/ready-to-get-moving.webp\" class=\"gb-image-f894d33f\" alt=\"Ready for your new healthy life\" decoding=\"async\" loading=\"lazy\" srcset=\"https:\/\/www.reachingapp.com\/wp-content\/uploads\/2023\/08\/ready-to-get-moving.webp 1200w, https:\/\/www.reachingapp.com\/wp-content\/uploads\/2023\/08\/ready-to-get-moving-300x169.webp 300w, https:\/\/www.reachingapp.com\/wp-content\/uploads\/2023\/08\/ready-to-get-moving-1024x576.webp 1024w, https:\/\/www.reachingapp.com\/wp-content\/uploads\/2023\/08\/ready-to-get-moving-768x432.webp 768w\" sizes=\"(max-width: 1200px) 100vw, 1200px\" \/><\/a><\/figure>\n\n<div class=\"gb-container gb-container-6eb21f10\">\n<div class=\"gb-container gb-container-970516ab\">\n<span class=\"gb-button gb-button-d2fcb91b gb-button-text post-term-item post-term-fysiskhalsa\">Fysisk h\u00e4lsa<\/span><span class=\"gb-button gb-button-d2fcb91b gb-button-text post-term-item post-term-motivation\">Motivation<\/span>\n<\/div>\n\n<h2 class=\"gb-headline gb-headline-33164825 gb-headline-text\"><a href=\"https:\/\/www.reachingapp.com\/sv\/5-tips-pa-hur-du-haller-liv-i-traningen\/\">5 tips p\u00e5 hur du h\u00e5ller liv i tr\u00e4ningen efter semestern<\/a><\/h2>\n\n<div class=\"gb-headline gb-headline-5b17e884 gb-headline-text\">Efter semestern \u00e4r det m\u00e5nga som best\u00e4mmer sig f\u00f6r att tag i tr\u00e4ningen, men f\u00f6r m\u00e5nga \u00e4r det gamla vanorna &#8230;<\/div>\n\n<a class=\"gb-button gb-button-17662786 gb-button-text\" href=\"https:\/\/www.reachingapp.com\/sv\/5-tips-pa-hur-du-haller-liv-i-traningen\/\">L\u00c4S MER<\/a>\n<\/div>\n<\/div><\/div>\n<\/div>\n\n<div class=\"gb-container gb-container-c030ac77 gb-query-loop-pagination\">\n\n\n\n<\/div>\n\n<div class=\"gb-container gb-container-3e7b72d4 gb-query-loop-pagination\">\n\n<\/div>\n\n<\/div>\n<\/div>\n<\/div>","protected":false},"excerpt":{"rendered":"<p>ReachingApp blogg Nytt verktyg: Omvandla aktivitet till steg Gratis kalkylator f\u00f6r att r\u00e4kna om alla typer av tr\u00e4ning till steg.<\/p>\n","protected":false},"author":2,"featured_media":0,"parent":0,"menu_order":0,"comment_status":"closed","ping_status":"closed","template":"","meta":{"_seopress_robots_primary_cat":"","_seopress_titles_title":"ReachingApp blogg: inspiration och tips f\u00f6r arbetsplatsens h\u00e4lsa","_seopress_titles_desc":"Utforska ReachingApps blogg f\u00f6r att uppt\u00e4cka inspirerande artiklar, praktiska r\u00e5d och expertinsikter som lyfter arbetsplatsens h\u00e4lsa och v\u00e4lbefinnande.","_seopress_robots_index":""},"_links":{"self":[{"href":"https:\/\/www.reachingapp.com\/sv\/wp-json\/wp\/v2\/pages\/2800"}],"collection":[{"href":"https:\/\/www.reachingapp.com\/sv\/wp-json\/wp\/v2\/pages"}],"about":[{"href":"https:\/\/www.reachingapp.com\/sv\/wp-json\/wp\/v2\/types\/page"}],"author":[{"embeddable":true,"href":"https:\/\/www.reachingapp.com\/sv\/wp-json\/wp\/v2\/users\/2"}],"replies":[{"embeddable":true,"href":"https:\/\/www.reachingapp.com\/sv\/wp-json\/wp\/v2\/comments?post=2800"}],"version-history":[{"count":17,"href":"https:\/\/www.reachingapp.com\/sv\/wp-json\/wp\/v2\/pages\/2800\/revisions"}],"predecessor-version":[{"id":8417,"href":"https:\/\/www.reachingapp.com\/sv\/wp-json\/wp\/v2\/pages\/2800\/revisions\/8417"}],"wp:attachment":[{"href":"https:\/\/www.reachingapp.com\/sv\/wp-json\/wp\/v2\/media?parent=2800"}],"curies":[{"name":"wp","href":"https:\/\/api.w.org\/{rel}","templated":true}]}}